{"id":167,"date":"2022-03-19T18:17:19","date_gmt":"2022-03-19T18:17:19","guid":{"rendered":"http:\/\/kaff-media.de\/?page_id=167"},"modified":"2022-06-20T16:42:09","modified_gmt":"2022-06-20T16:42:09","slug":"fotografie-social-media","status":"publish","type":"page","link":"https:\/\/kaff-media.de\/leistungen\/fotografie-social-media","title":{"rendered":"Fotografie &#038; Social Media"},"content":{"rendered":"\n<h2 class=\"has-accent-color has-text-color wp-block-heading\">Eventfotografie<\/h2>\n\n\n\n<p>Mit viel Erfahrung rund um B\u00fchnen und S\u00e4le halten wir Ihr Event f\u00fcr immer fest! Egal ob es Fotos einer Rede f\u00fcr die Presse, Actionbilder f\u00fcr den n\u00e4chsten Flyer oder einfach nur eine Erinnerung an die tolle Zeit sein soll &#8211; unauff\u00e4llig bilden wir den Moment f\u00fcr Sie ab. Dabei gehen wir systematisch vor und \u00fcberlegen uns gemeinsam mit Ihnen, welche Momente festgehalten werden m\u00fcssen &#8211; selbstverst\u00e4ndlich ohne dabei die n\u00f6tige Flexibilit\u00e4t f\u00fcr Schnappsch\u00fcsse zu verlieren.<\/p>\n\n\n\n<p>Teil des Angebots ist auch eine digitale Aufbereitung und Vorsortierung sowie die digitale oder analoge Bereitstellung der Bilder ganz nach Ihren W\u00fcnschen.<\/p>\n\n\n\n<hr class=\"wp-block-separator has-css-opacity\"\/>\n\n\n\n<div class=\"wp-block-columns is-layout-flex wp-container-core-columns-is-layout-28f84493 wp-block-columns-is-layout-flex\">\n<div class=\"wp-block-column is-layout-flow wp-block-column-is-layout-flow\">\n<figure class=\"wp-block-image size-large\"><img loading=\"lazy\" decoding=\"async\" width=\"1024\" height=\"576\" src=\"http:\/\/kaff-media.de\/wp-content\/uploads\/2022\/03\/IMG-20210717-WA0008-1024x576.jpg\" alt=\"\" class=\"wp-image-303\" srcset=\"https:\/\/kaff-media.de\/wp-content\/uploads\/2022\/03\/IMG-20210717-WA0008-1024x576.jpg 1024w, https:\/\/kaff-media.de\/wp-content\/uploads\/2022\/03\/IMG-20210717-WA0008-300x169.jpg 300w, https:\/\/kaff-media.de\/wp-content\/uploads\/2022\/03\/IMG-20210717-WA0008-768x432.jpg 768w, https:\/\/kaff-media.de\/wp-content\/uploads\/2022\/03\/IMG-20210717-WA0008-1536x864.jpg 1536w, https:\/\/kaff-media.de\/wp-content\/uploads\/2022\/03\/IMG-20210717-WA0008.jpg 2000w\" sizes=\"auto, (max-width: 1024px) 100vw, 1024px\" \/><\/figure>\n<\/div>\n\n\n\n<div class=\"wp-block-column is-layout-flow wp-block-column-is-layout-flow\">\n<figure class=\"wp-block-image size-large\"><img loading=\"lazy\" decoding=\"async\" width=\"1024\" height=\"576\" src=\"http:\/\/kaff-media.de\/wp-content\/uploads\/2022\/03\/Klaviatur-1024x576.png\" alt=\"\" class=\"wp-image-304\" srcset=\"https:\/\/kaff-media.de\/wp-content\/uploads\/2022\/03\/Klaviatur-1024x576.png 1024w, https:\/\/kaff-media.de\/wp-content\/uploads\/2022\/03\/Klaviatur-300x169.png 300w, https:\/\/kaff-media.de\/wp-content\/uploads\/2022\/03\/Klaviatur-768x432.png 768w, https:\/\/kaff-media.de\/wp-content\/uploads\/2022\/03\/Klaviatur-1536x864.png 1536w, https:\/\/kaff-media.de\/wp-content\/uploads\/2022\/03\/Klaviatur.png 1920w\" sizes=\"auto, (max-width: 1024px) 100vw, 1024px\" \/><\/figure>\n<\/div>\n\n\n\n<div class=\"wp-block-column is-layout-flow wp-block-column-is-layout-flow\">\n<figure class=\"wp-block-image size-large is-resized\"><img loading=\"lazy\" decoding=\"async\" src=\"http:\/\/kaff-media.de\/wp-content\/uploads\/2022\/06\/WhatsApp-Image-2022-03-20-at-16.44.041-edited.jpeg\" alt=\"\" class=\"wp-image-454\" width=\"254\" height=\"148\"\/><\/figure>\n<\/div>\n<\/div>\n\n\n\n<hr class=\"wp-block-separator has-css-opacity\"\/>\n\n\n\n<h2 class=\"has-accent-color has-text-color wp-block-heading\">Socialmediabetreuung<\/h2>\n\n\n\n<p>Es sollen neue Produkte in den Onlineshop, die Webseite hat recht altbackene Bilder und der Instagram-Account wird eher sporadisch betrieben?<\/p>\n\n\n\n<p>Wir entwerfen mit Ihnen gemeinsam Konzepte, produzieren Content f\u00fcr die Ver\u00f6ffentlichung und \u00fcbernehmen auch diese gerne f\u00fcr Sie. Nat\u00fcrlich unterst\u00fctzen wir Sie bei der Einrichtung, auch Vor-Ort, und verhelfen Ihnen zu einem erfolgreichen und gut besuchten Onlineangebot.<\/p>\n","protected":false},"excerpt":{"rendered":"<p>Eventfotografie Mit viel Erfahrung rund um B\u00fchnen und S\u00e4le halten wir Ihr Event f\u00fcr immer fest! Egal ob es Fotos einer Rede f\u00fcr die Presse, Actionbilder f\u00fcr den n\u00e4chsten Flyer oder einfach nur eine Erinnerung an die tolle Zeit sein soll &#8211; unauff\u00e4llig bilden wir den Moment f\u00fcr Sie ab. [&hellip;]<\/p>\n","protected":false},"author":4,"featured_media":0,"parent":76,"menu_order":0,"comment_status":"closed","ping_status":"closed","template":"","meta":{"footnotes":""},"class_list":["post-167","page","type-page","status-publish","hentry"],"_links":{"self":[{"href":"https:\/\/kaff-media.de\/index.php?rest_route=\/wp\/v2\/pages\/167","targetHints":{"allow":["GET"]}}],"collection":[{"href":"https:\/\/kaff-media.de\/index.php?rest_route=\/wp\/v2\/pages"}],"about":[{"href":"https:\/\/kaff-media.de\/index.php?rest_route=\/wp\/v2\/types\/page"}],"author":[{"embeddable":true,"href":"https:\/\/kaff-media.de\/index.php?rest_route=\/wp\/v2\/users\/4"}],"replies":[{"embeddable":true,"href":"https:\/\/kaff-media.de\/index.php?rest_route=%2Fwp%2Fv2%2Fcomments&post=167"}],"version-history":[{"count":7,"href":"https:\/\/kaff-media.de\/index.php?rest_route=\/wp\/v2\/pages\/167\/revisions"}],"predecessor-version":[{"id":523,"href":"https:\/\/kaff-media.de\/index.php?rest_route=\/wp\/v2\/pages\/167\/revisions\/523"}],"up":[{"embeddable":true,"href":"https:\/\/kaff-media.de\/index.php?rest_route=\/wp\/v2\/pages\/76"}],"wp:attachment":[{"href":"https:\/\/kaff-media.de\/index.php?rest_route=%2Fwp%2Fv2%2Fmedia&parent=167"}],"curies":[{"name":"wp","href":"https:\/\/api.w.org\/{rel}","templated":true}]}}