{"id":22,"date":"2022-03-18T20:10:44","date_gmt":"2022-03-18T20:10:44","guid":{"rendered":"http:\/\/kaff-media.de\/"},"modified":"2022-08-13T20:19:06","modified_gmt":"2022-08-13T20:19:06","slug":"startseite","status":"publish","type":"page","link":"https:\/\/kaff-media.de\/","title":{"rendered":"HOME"},"content":{"rendered":"\n<div class=\"wp-block-cover alignfull hestia-clear-top-padding\" style=\"min-height:604px;aspect-ratio:unset;\" id=\"leistungen\"><span aria-hidden=\"true\" class=\"wp-block-cover__background has-black-background-color has-background-dim-60 has-background-dim\"><\/span><div class=\"wp-block-cover__inner-container is-layout-flow wp-block-cover-is-layout-flow\">\n<h2 class=\"has-text-align-center has-accent-color has-text-color has-large-font-size wp-block-heading\" style=\"font-style:normal;font-weight:700\">UNSERE LEISTUNGEN<\/h2>\n\n\n\n<div style=\"height:40px\" aria-hidden=\"true\" class=\"wp-block-spacer\"><\/div>\n\n\n\n<div class=\"wp-block-columns container is-layout-flex wp-container-core-columns-is-layout-28f84493 wp-block-columns-is-layout-flex\">\n<div class=\"wp-block-column is-layout-flow wp-block-column-is-layout-flow\"><div class=\"wp-block-image is-style-default wp-duotone-7a7a7a-0b7c80-1\">\n<figure class=\"aligncenter size-full\"><a href=\"http:\/\/kaff-media.de\/leistungen\/medienproduktionen\/\" rel=\"Medienproduktionen\"><img loading=\"lazy\" decoding=\"async\" width=\"96\" height=\"96\" src=\"http:\/\/kaff-media.de\/wp-content\/uploads\/2022\/03\/outline_movie_white_48dp.png\" alt=\"\" class=\"wp-image-128\"\/><\/a><\/figure>\n<\/div>\n\n\n<h5 class=\"has-text-align-center has-background-color-color has-text-color has-medium-font-size wp-block-heading\"><a href=\"http:\/\/kaff-media.de\/leistungen\/medienproduktionen\" data-type=\"URL\">Medienproduktionen<\/a><\/h5>\n\n\n\n<p class=\"has-text-align-center has-text-color\" style=\"color:#999999;font-size:16px\">Wir fertigen ma\u00dfgeschneiderten Content f\u00fcr Ihre Zwecke und unterst\u00fctzen Sie bei dessen Verbreitung &#8211; nat\u00fcrlich auch live.<\/p>\n\n\n\n<div style=\"height:25px\" aria-hidden=\"true\" class=\"wp-block-spacer\"><\/div>\n<\/div>\n\n\n\n<div class=\"wp-block-column is-layout-flow wp-block-column-is-layout-flow\"><div class=\"wp-block-image wp-duotone-333-0b7c80-2\">\n<figure class=\"aligncenter size-full\"><a href=\"http:\/\/kaff-media.de\/leistungen\/fotografie-social-media\/\"><img loading=\"lazy\" decoding=\"async\" width=\"96\" height=\"96\" src=\"http:\/\/kaff-media.de\/wp-content\/uploads\/2022\/03\/outline_photo_camera_white_48dp.png\" alt=\"\" class=\"wp-image-129\"\/><\/a><\/figure>\n<\/div>\n\n\n<h5 class=\"has-text-align-center has-background-color-color has-text-color has-medium-font-size wp-block-heading\"><a href=\"http:\/\/kaff-media.de\/leistungen\/fotografie-social-media\/\" data-type=\"page\" data-id=\"167\">Fotografie &amp; Social Media<\/a><\/h5>\n\n\n\n<p class=\"has-text-align-center has-text-color\" style=\"color:#999999;font-size:16px\">Gerne stellen wir Ihre Produkte und Dienstleitungen ganz individuell ins Rampenlicht &#8211; ganz egal ob on- oder offline. Wir sind auch vor Ort f\u00fcr Sie da, wenn es um Fotos bei Events geht. <\/p>\n\n\n\n<div style=\"height:25px\" aria-hidden=\"true\" class=\"wp-block-spacer\"><\/div>\n<\/div>\n\n\n\n<div class=\"wp-block-column is-layout-flow wp-block-column-is-layout-flow\"><div class=\"wp-block-image wp-duotone-000000-0b7c80-3\">\n<figure class=\"aligncenter size-full\"><a href=\"http:\/\/kaff-media.de\/leistungen\/veranstaltungstechnik\/\"><img loading=\"lazy\" decoding=\"async\" width=\"96\" height=\"96\" src=\"http:\/\/kaff-media.de\/wp-content\/uploads\/2022\/03\/outline_stadium_white_48dp-1.png\" alt=\"\" class=\"wp-image-133\"\/><\/a><\/figure>\n<\/div>\n\n\n<h5 class=\"has-text-align-center has-background-color-color has-text-color has-medium-font-size wp-block-heading\"><a href=\"http:\/\/kaff-media.de\/leistungen\/veranstaltungstechnik\/\" data-type=\"page\" data-id=\"74\">Veranstaltungstechnik<\/a><\/h5>\n\n\n\n<p class=\"has-text-align-center has-text-color\" style=\"color:#999999;font-size:16px\">Nat\u00fcrlich sind wir f\u00fcr Sie auch bei analogen und hybriden Events  ein starker Partner und unterst\u00fctzen Sie bei Planung, Material und Durchf\u00fchrung.<\/p>\n\n\n\n<div style=\"height:25px\" aria-hidden=\"true\" class=\"wp-block-spacer\"><\/div>\n<\/div>\n<\/div>\n\n\n\n<div style=\"height:40px\" aria-hidden=\"true\" class=\"wp-block-spacer\"><\/div>\n<\/div><\/div>\n\n\n\n<p><\/p>\n\n\n\n<div class=\"wp-block-columns container is-layout-flex wp-container-core-columns-is-layout-28f84493 wp-block-columns-is-layout-flex\">\n<div class=\"wp-block-column col-md-5 is-layout-flow wp-block-column-is-layout-flow\">\n<div style=\"height:55px\" aria-hidden=\"true\" class=\"wp-block-spacer\"><\/div>\n\n\n\n<h2 class=\"wp-block-heading\">Interesse?<\/h2>\n\n\n\n<p><\/p>\n\n\n\n<p>Kontaktieren Sie uns gerne, wenn Sie Interesse an unseren Leistungen haben. <\/p>\n\n\n\n<p><a href=\"http:\/\/kaff-media.de\/kontakt\/\" data-type=\"page\" data-id=\"23\"><strong>Hier finden Sie unsere Kontaktdaten.<\/strong><\/a><\/p>\n<\/div>\n\n\n\n<div class=\"wp-block-column col-md-6 col-md-offset1 is-layout-flow wp-block-column-is-layout-flow\">\n<div style=\"height:55px\" aria-hidden=\"true\" class=\"wp-block-spacer\"><\/div>\n\n\n\n<p><\/p>\n<\/div>\n<\/div>\n\n\n\n<p><\/p>\n","protected":false},"excerpt":{"rendered":"<p>Interesse? Kontaktieren Sie uns gerne, wenn Sie Interesse an unseren Leistungen haben. Hier finden Sie unsere Kontaktdaten.<\/p>\n","protected":false},"author":4,"featured_media":49,"parent":0,"menu_order":0,"comment_status":"closed","ping_status":"closed","template":"","meta":{"footnotes":""},"class_list":["post-22","page","type-page","status-publish","has-post-thumbnail","hentry"],"_links":{"self":[{"href":"https:\/\/kaff-media.de\/index.php?rest_route=\/wp\/v2\/pages\/22","targetHints":{"allow":["GET"]}}],"collection":[{"href":"https:\/\/kaff-media.de\/index.php?rest_route=\/wp\/v2\/pages"}],"about":[{"href":"https:\/\/kaff-media.de\/index.php?rest_route=\/wp\/v2\/types\/page"}],"author":[{"embeddable":true,"href":"https:\/\/kaff-media.de\/index.php?rest_route=\/wp\/v2\/users\/4"}],"replies":[{"embeddable":true,"href":"https:\/\/kaff-media.de\/index.php?rest_route=%2Fwp%2Fv2%2Fcomments&post=22"}],"version-history":[{"count":35,"href":"https:\/\/kaff-media.de\/index.php?rest_route=\/wp\/v2\/pages\/22\/revisions"}],"predecessor-version":[{"id":601,"href":"https:\/\/kaff-media.de\/index.php?rest_route=\/wp\/v2\/pages\/22\/revisions\/601"}],"wp:featuredmedia":[{"embeddable":true,"href":"https:\/\/kaff-media.de\/index.php?rest_route=\/wp\/v2\/media\/49"}],"wp:attachment":[{"href":"https:\/\/kaff-media.de\/index.php?rest_route=%2Fwp%2Fv2%2Fmedia&parent=22"}],"curies":[{"name":"wp","href":"https:\/\/api.w.org\/{rel}","templated":true}]}}