{"id":313,"date":"2022-03-23T16:54:31","date_gmt":"2022-03-23T16:54:31","guid":{"rendered":"http:\/\/kaff-media.de\/?page_id=313"},"modified":"2022-12-28T16:31:40","modified_gmt":"2022-12-28T16:31:40","slug":"medienproduktionen","status":"publish","type":"page","link":"https:\/\/kaff-media.de\/leistungen\/medienproduktionen","title":{"rendered":"Medienproduktionen"},"content":{"rendered":"\n<h2 class=\"wp-block-heading\">Livestreaming<\/h2>\n\n\n\n<p>Egal ob eine sachliche Talkrunde mit zugeschalteten G\u00e4sten oder Konzerte und Festakte, welche online \u00fcbertragen werden sollen. Wir planen und konzeptionieren gerne mit Ihnen eine Livestream-Veranstaltung nach Ihren W\u00fcnschen und Anforderungen. Mit unserem Equipment k\u00f6nnen wir sowohl reine Livestreams als auch hybride Veranstaltungen mit Zuschauern vor Ort durchf\u00fchren. <\/p>\n\n\n\n<p>Auch das Design von Grafiken f\u00fcr den Stream und die Kulisse passen wir gerne Ihren Vorstellungen an und k\u00fcmmern uns um die Ausstrahlung des Streams. Die Wahl der Streamingplattform liegt bei Ihnen. Gerne beraten wir Sie diesbez\u00fcglich. <\/p>\n\n\n\n<p>Weitere Details besprechen wir gerne mit Ihnen pers\u00f6nlich. Bitte kontaktieren Sie uns bei Interesse an einer Beratung zum Thema Livestream <a href=\"http:\/\/kaff-media.de\/kontakt\/\" data-type=\"page\" data-id=\"23\">hier<\/a>.<\/p>\n\n\n\n<div class=\"wp-block-columns is-layout-flex wp-container-core-columns-is-layout-28f84493 wp-block-columns-is-layout-flex\">\n<div class=\"wp-block-column is-layout-flow wp-block-column-is-layout-flow\">\n<figure class=\"wp-block-image size-large\"><img loading=\"lazy\" decoding=\"async\" width=\"1024\" height=\"576\" src=\"http:\/\/kaff-media.de\/wp-content\/uploads\/2022\/03\/IMG20220221185857-edited-1024x576.jpg\" alt=\"\" class=\"wp-image-317\" srcset=\"https:\/\/kaff-media.de\/wp-content\/uploads\/2022\/03\/IMG20220221185857-edited-1024x576.jpg 1024w, https:\/\/kaff-media.de\/wp-content\/uploads\/2022\/03\/IMG20220221185857-edited-300x169.jpg 300w, https:\/\/kaff-media.de\/wp-content\/uploads\/2022\/03\/IMG20220221185857-edited-768x432.jpg 768w, https:\/\/kaff-media.de\/wp-content\/uploads\/2022\/03\/IMG20220221185857-edited-1536x864.jpg 1536w, https:\/\/kaff-media.de\/wp-content\/uploads\/2022\/03\/IMG20220221185857-edited-2048x1152.jpg 2048w, https:\/\/kaff-media.de\/wp-content\/uploads\/2022\/03\/IMG20220221185857-edited-scaled.jpg 1920w\" sizes=\"auto, (max-width: 1024px) 100vw, 1024px\" \/><\/figure>\n<\/div>\n\n\n\n<div class=\"wp-block-column is-layout-flow wp-block-column-is-layout-flow\">\n<figure class=\"wp-block-image size-large\"><img loading=\"lazy\" decoding=\"async\" width=\"1920\" height=\"1080\" src=\"http:\/\/kaff-media.de\/wp-content\/uploads\/2022\/03\/IMG20220222154002-edited-scaled.jpg\" alt=\"\" class=\"wp-image-373\" srcset=\"https:\/\/kaff-media.de\/wp-content\/uploads\/2022\/03\/IMG20220222154002-edited-scaled.jpg 1920w, https:\/\/kaff-media.de\/wp-content\/uploads\/2022\/03\/IMG20220222154002-edited-300x169.jpg 300w, https:\/\/kaff-media.de\/wp-content\/uploads\/2022\/03\/IMG20220222154002-edited-1024x576.jpg 1024w, https:\/\/kaff-media.de\/wp-content\/uploads\/2022\/03\/IMG20220222154002-edited-768x432.jpg 768w, https:\/\/kaff-media.de\/wp-content\/uploads\/2022\/03\/IMG20220222154002-edited-1536x864.jpg 1536w, https:\/\/kaff-media.de\/wp-content\/uploads\/2022\/03\/IMG20220222154002-edited-2048x1152.jpg 2048w\" sizes=\"auto, (max-width: 1920px) 100vw, 1920px\" \/><\/figure>\n<\/div>\n\n\n\n<div class=\"wp-block-column is-layout-flow wp-block-column-is-layout-flow\">\n<figure class=\"wp-block-image size-large\"><img loading=\"lazy\" decoding=\"async\" width=\"1024\" height=\"576\" src=\"http:\/\/kaff-media.de\/wp-content\/uploads\/2022\/03\/Festsaal-gesamt-1024x576.png\" alt=\"\" class=\"wp-image-306\" srcset=\"https:\/\/kaff-media.de\/wp-content\/uploads\/2022\/03\/Festsaal-gesamt-1024x576.png 1024w, https:\/\/kaff-media.de\/wp-content\/uploads\/2022\/03\/Festsaal-gesamt-300x169.png 300w, https:\/\/kaff-media.de\/wp-content\/uploads\/2022\/03\/Festsaal-gesamt-768x432.png 768w, https:\/\/kaff-media.de\/wp-content\/uploads\/2022\/03\/Festsaal-gesamt-1536x864.png 1536w, https:\/\/kaff-media.de\/wp-content\/uploads\/2022\/03\/Festsaal-gesamt.png 1920w\" sizes=\"auto, (max-width: 1024px) 100vw, 1024px\" \/><\/figure>\n<\/div>\n<\/div>\n\n\n\n<p><\/p>\n\n\n\n<h2 class=\"wp-block-heading\">Videoproduktion<\/h2>\n\n\n\n<p>Gerne produzieren wir auch perfekt auf Sie zugeschnittene Produkt- oder Imagevideos. Dabei stehen wir Ihnen von der Konzeption des Inhalts, \u00fcber die Planung der Drehtage bis hin zur endg\u00fcltigen Produktion zur Seite. Auf Wunsch k\u00fcmmern wir uns auch um die Ver\u00f6ffentlichung und Verbreitung des Endproduktes. <\/p>\n\n\n\n<p>Ebenso die Produktion von Kurzfilmen oder Musikvideos geh\u00f6ren zu unserem Angebot.<\/p>\n\n\n\n<p>Bei Interesse an einer individuellen Beratung kontaktieren Sie uns gerne.<\/p>\n\n\n\n<p> <\/p>\n\n\n\n<h2 class=\"wp-block-heading\">Musik-\/Liveproduktionen<\/h2>\n\n\n\n<p>Auch der reine Tonmitschnitt einer Veranstaltung oder eines Konzertes z\u00e4hlt zu unseren Kompetenzen. Sowohl kleinere Ensembles, als auch gro\u00dfe Ch\u00f6re (80+ Personen) mit Orchester haben wir bereits aufgezeichnet. Hier besteht die M\u00f6glichkeit einen Liveschnitt (Stereospur) oder eine aufwendigere Mehrspur-Aufnahme zu machen. Letztere Option beinhaltet Nachbearbeitung und Mixing. Gerne beraten wir Sie individuell. <\/p>\n\n\n\n<p>Eine Auswahl von bereits durchgef\u00fchrten Medienproduktionen und unserem Material finden Sie auf unserer News-Seite.<\/p>\n\n\n\n<div class=\"wp-block-buttons is-content-justification-center is-layout-flex wp-container-core-buttons-is-layout-a89b3969 wp-block-buttons-is-layout-flex\">\n<div class=\"wp-block-button is-style-fill\"><a class=\"wp-block-button__link has-accent-background-color has-background wp-element-button\" href=\"https:\/\/kaff-media.de\/blog\">Mehr \u00fcber unsere Medienproduktionen<\/a><\/div>\n<\/div>\n\n\n\n<div style=\"height:100px\" aria-hidden=\"true\" class=\"wp-block-spacer\"><\/div>\n","protected":false},"excerpt":{"rendered":"<p>Livestreaming Egal ob eine sachliche Talkrunde mit zugeschalteten G\u00e4sten oder Konzerte und Festakte, welche online \u00fcbertragen werden sollen. Wir planen und konzeptionieren gerne mit Ihnen eine Livestream-Veranstaltung nach Ihren W\u00fcnschen und Anforderungen. Mit unserem Equipment k\u00f6nnen wir sowohl reine Livestreams als auch hybride Veranstaltungen mit Zuschauern vor Ort durchf\u00fchren. Auch [&hellip;]<\/p>\n","protected":false},"author":1,"featured_media":0,"parent":76,"menu_order":0,"comment_status":"closed","ping_status":"closed","template":"","meta":{"footnotes":""},"class_list":["post-313","page","type-page","status-publish","hentry"],"_links":{"self":[{"href":"https:\/\/kaff-media.de\/index.php?rest_route=\/wp\/v2\/pages\/313","targetHints":{"allow":["GET"]}}],"collection":[{"href":"https:\/\/kaff-media.de\/index.php?rest_route=\/wp\/v2\/pages"}],"about":[{"href":"https:\/\/kaff-media.de\/index.php?rest_route=\/wp\/v2\/types\/page"}],"author":[{"embeddable":true,"href":"https:\/\/kaff-media.de\/index.php?rest_route=\/wp\/v2\/users\/1"}],"replies":[{"embeddable":true,"href":"https:\/\/kaff-media.de\/index.php?rest_route=%2Fwp%2Fv2%2Fcomments&post=313"}],"version-history":[{"count":13,"href":"https:\/\/kaff-media.de\/index.php?rest_route=\/wp\/v2\/pages\/313\/revisions"}],"predecessor-version":[{"id":639,"href":"https:\/\/kaff-media.de\/index.php?rest_route=\/wp\/v2\/pages\/313\/revisions\/639"}],"up":[{"embeddable":true,"href":"https:\/\/kaff-media.de\/index.php?rest_route=\/wp\/v2\/pages\/76"}],"wp:attachment":[{"href":"https:\/\/kaff-media.de\/index.php?rest_route=%2Fwp%2Fv2%2Fmedia&parent=313"}],"curies":[{"name":"wp","href":"https:\/\/api.w.org\/{rel}","templated":true}]}}