{"id":74,"date":"2022-03-18T21:34:10","date_gmt":"2022-03-18T21:34:10","guid":{"rendered":"http:\/\/kaff-media.de\/?page_id=74"},"modified":"2022-06-20T16:43:44","modified_gmt":"2022-06-20T16:43:44","slug":"veranstaltungstechnik","status":"publish","type":"page","link":"https:\/\/kaff-media.de\/leistungen\/veranstaltungstechnik","title":{"rendered":"Veranstaltungstechnik"},"content":{"rendered":"\n<h2 class=\"has-accent-color has-text-color wp-block-heading\">Durchf\u00fchrung<\/h2>\n\n\n\n<p>Wir bieten ihnen kompetente Beratung und Planung im Bereich Veranstaltungstechnik an. Gerne kl\u00e4ren wir gemeinsamen mit Ihnen, wo Technik wie eingesetzt werden kann, um Ihr Event aufzupeppen. Bei kleinen Events wickeln wir alles pers\u00f6nlich ab und stellen unsere eigene Technik. Aber auch gr\u00f6\u00dfere Veranstaltungen setzen wir gerne mit Hilfe unserer Partner f\u00fcr Sie um.<\/p>\n\n\n\n<hr class=\"wp-block-separator has-css-opacity\"\/>\n\n\n\n<div class=\"wp-block-columns is-layout-flex wp-container-core-columns-is-layout-28f84493 wp-block-columns-is-layout-flex\">\n<div class=\"wp-block-column is-layout-flow wp-block-column-is-layout-flow\" style=\"flex-basis:50%\"><div class=\"wp-block-image\">\n<figure class=\"alignleft size-large\"><img loading=\"lazy\" decoding=\"async\" width=\"1024\" height=\"768\" src=\"http:\/\/kaff-media.de\/wp-content\/uploads\/2022\/04\/IMG20220405152719-1024x768.jpg\" alt=\"\" class=\"wp-image-394\" srcset=\"https:\/\/kaff-media.de\/wp-content\/uploads\/2022\/04\/IMG20220405152719-1024x768.jpg 1024w, https:\/\/kaff-media.de\/wp-content\/uploads\/2022\/04\/IMG20220405152719-300x225.jpg 300w, https:\/\/kaff-media.de\/wp-content\/uploads\/2022\/04\/IMG20220405152719-768x576.jpg 768w, https:\/\/kaff-media.de\/wp-content\/uploads\/2022\/04\/IMG20220405152719-1536x1152.jpg 1536w, https:\/\/kaff-media.de\/wp-content\/uploads\/2022\/04\/IMG20220405152719-2048x1536.jpg 2048w, https:\/\/kaff-media.de\/wp-content\/uploads\/2022\/04\/IMG20220405152719-scaled.jpg 1920w\" sizes=\"auto, (max-width: 1024px) 100vw, 1024px\" \/><\/figure>\n<\/div><\/div>\n\n\n\n<div class=\"wp-block-column is-layout-flow wp-block-column-is-layout-flow\" style=\"flex-basis:50%\"><div class=\"wp-block-image\">\n<figure class=\"alignright size-large\"><img loading=\"lazy\" decoding=\"async\" width=\"1152\" height=\"864\" src=\"http:\/\/kaff-media.de\/wp-content\/uploads\/2022\/04\/WhatsApp-Image-2022-03-20-at-16.44.041-edited-2.jpeg\" alt=\"\" class=\"wp-image-412\" srcset=\"https:\/\/kaff-media.de\/wp-content\/uploads\/2022\/04\/WhatsApp-Image-2022-03-20-at-16.44.041-edited-2.jpeg 1152w, https:\/\/kaff-media.de\/wp-content\/uploads\/2022\/04\/WhatsApp-Image-2022-03-20-at-16.44.041-edited-2-300x225.jpeg 300w, https:\/\/kaff-media.de\/wp-content\/uploads\/2022\/04\/WhatsApp-Image-2022-03-20-at-16.44.041-edited-2-1024x768.jpeg 1024w, https:\/\/kaff-media.de\/wp-content\/uploads\/2022\/04\/WhatsApp-Image-2022-03-20-at-16.44.041-edited-2-768x576.jpeg 768w\" sizes=\"auto, (max-width: 1152px) 100vw, 1152px\" \/><\/figure>\n<\/div><\/div>\n<\/div>\n\n\n\n<hr class=\"wp-block-separator has-css-opacity\"\/>\n\n\n\n<h2 class=\"has-accent-color has-text-color wp-block-heading\">Verleih<\/h2>\n\n\n\n<h2 class=\"has-accent-color has-text-color wp-block-heading\"><\/h2>\n\n\n\n<p>Unser gro\u00dfes Sortiment an Veranstaltungs- und Medientechnik stellen wir Ihnen auch Leihweise als DryHire zur Verf\u00fcgung.<\/p>\n\n\n\n<p>Dieses beinhaltet von moderner LED-Lichttechnik und Movingheads \u00fcber Klassiker und Schmuckst\u00fccke der Tontechnik, bis hin zu \u00fcber einem Kilometer Audio-, Signal- und Stromkabeln fast alles, was das Veranstaltungsherz begehrt. Gerne nehmen wir Ihre Anfrage entgegen und liefern Ihnen die gew\u00fcnschte Technik zum Veranstaltungsort. Bei Bedarf geben wir Ihnen eine kurze Einf\u00fchrung in den Umgang und die Bedienung der geliehenen Technik.<\/p>\n\n\n<div class=\"wp-block-image\">\n<figure class=\"aligncenter size-large is-resized\"><img loading=\"lazy\" decoding=\"async\" src=\"http:\/\/kaff-media.de\/wp-content\/uploads\/2022\/05\/IMG_20220421_143954-scaled-e1652452734457-1024x859.jpg\" alt=\"\" class=\"wp-image-431\" width=\"453\" height=\"379\" srcset=\"https:\/\/kaff-media.de\/wp-content\/uploads\/2022\/05\/IMG_20220421_143954-scaled-e1652452734457-1024x859.jpg 1024w, https:\/\/kaff-media.de\/wp-content\/uploads\/2022\/05\/IMG_20220421_143954-scaled-e1652452734457-300x252.jpg 300w, https:\/\/kaff-media.de\/wp-content\/uploads\/2022\/05\/IMG_20220421_143954-scaled-e1652452734457-768x644.jpg 768w, https:\/\/kaff-media.de\/wp-content\/uploads\/2022\/05\/IMG_20220421_143954-scaled-e1652452734457.jpg 1228w\" sizes=\"auto, (max-width: 453px) 100vw, 453px\" \/><\/figure>\n<\/div>","protected":false},"excerpt":{"rendered":"<p>Durchf\u00fchrung Wir bieten ihnen kompetente Beratung und Planung im Bereich Veranstaltungstechnik an. Gerne kl\u00e4ren wir gemeinsamen mit Ihnen, wo Technik wie eingesetzt werden kann, um Ihr Event aufzupeppen. Bei kleinen Events wickeln wir alles pers\u00f6nlich ab und stellen unsere eigene Technik. Aber auch gr\u00f6\u00dfere Veranstaltungen setzen wir gerne mit Hilfe [&hellip;]<\/p>\n","protected":false},"author":4,"featured_media":0,"parent":76,"menu_order":0,"comment_status":"closed","ping_status":"closed","template":"","meta":{"footnotes":""},"class_list":["post-74","page","type-page","status-publish","hentry"],"_links":{"self":[{"href":"https:\/\/kaff-media.de\/index.php?rest_route=\/wp\/v2\/pages\/74","targetHints":{"allow":["GET"]}}],"collection":[{"href":"https:\/\/kaff-media.de\/index.php?rest_route=\/wp\/v2\/pages"}],"about":[{"href":"https:\/\/kaff-media.de\/index.php?rest_route=\/wp\/v2\/types\/page"}],"author":[{"embeddable":true,"href":"https:\/\/kaff-media.de\/index.php?rest_route=\/wp\/v2\/users\/4"}],"replies":[{"embeddable":true,"href":"https:\/\/kaff-media.de\/index.php?rest_route=%2Fwp%2Fv2%2Fcomments&post=74"}],"version-history":[{"count":16,"href":"https:\/\/kaff-media.de\/index.php?rest_route=\/wp\/v2\/pages\/74\/revisions"}],"predecessor-version":[{"id":524,"href":"https:\/\/kaff-media.de\/index.php?rest_route=\/wp\/v2\/pages\/74\/revisions\/524"}],"up":[{"embeddable":true,"href":"https:\/\/kaff-media.de\/index.php?rest_route=\/wp\/v2\/pages\/76"}],"wp:attachment":[{"href":"https:\/\/kaff-media.de\/index.php?rest_route=%2Fwp%2Fv2%2Fmedia&parent=74"}],"curies":[{"name":"wp","href":"https:\/\/api.w.org\/{rel}","templated":true}]}}