{"id":78,"date":"2022-03-18T22:03:47","date_gmt":"2022-03-18T22:03:47","guid":{"rendered":"http:\/\/kaff-media.de\/?page_id=78"},"modified":"2022-09-17T09:47:34","modified_gmt":"2022-09-17T09:47:34","slug":"ueber-uns","status":"publish","type":"page","link":"https:\/\/kaff-media.de\/ueber-uns","title":{"rendered":"\u00dcber uns"},"content":{"rendered":"\n<p>Wir sind allesamt ehemalige Mitglieder der Technik AG des St.-Michaels-Gymnasiums Metten. Dort genossen wir die unglaublich gro\u00dfartige M\u00f6glichkeit mit einer gro\u00dfen Bandbreite an technischem Equipment zahlreiche Veranstaltungen auf diversen gr\u00f6\u00dferen und kleineren Spielfl\u00e4chen zu begleiten.<\/p>\n\n\n\n<p>Bald erstreckten sich diese T\u00e4tigkeiten weit \u00fcber den schulischen Bereich hinaus. Auch nach erfolgreichem Abitur hielt der Kontakt und die Liebe zur Veranstaltungstechnik an. Auch wenn das Hobby zum Hauptberuf zu machen nicht bei uns allen das Ziel ist, so steht Eventtechnik doch f\u00fcr uns immer noch sehr pr\u00e4sent im Leben. Als logische Folge stand die Gr\u00fcndung der KAFF-Media OHG an, um unsere pers\u00f6nlichen Kompetenzen und Ressourcen zu b\u00fcndeln. Der Name spielt nicht nur auf unsere Herkunft, aus eher kleinen Ortschaften an, sondern ist auch ein Akronym unserer Nachnamen. (Woher das zweite &#8218;F&#8216; kommt sei jedermanns Phantasie \u00fcberlassen)<\/p>\n\n\n\n<div style=\"height:100px\" aria-hidden=\"true\" class=\"wp-block-spacer\"><\/div>\n\n\n\n<div class=\"wp-block-columns is-layout-flex wp-container-core-columns-is-layout-28f84493 wp-block-columns-is-layout-flex\">\n<div class=\"wp-block-column is-layout-flow wp-block-column-is-layout-flow\" style=\"flex-basis:33.33%\">\n<figure class=\"wp-block-image size-large is-style-rounded wp-duotone-000000-0b7c80bd-1\"><img loading=\"lazy\" decoding=\"async\" width=\"1066\" height=\"1067\" src=\"http:\/\/kaff-media.de\/wp-content\/uploads\/2022\/06\/WhatsApp-Image-2021-09-23-at-09.15.04-edited.jpeg\" alt=\"\" class=\"wp-image-465\" srcset=\"https:\/\/kaff-media.de\/wp-content\/uploads\/2022\/06\/WhatsApp-Image-2021-09-23-at-09.15.04-edited.jpeg 1066w, https:\/\/kaff-media.de\/wp-content\/uploads\/2022\/06\/WhatsApp-Image-2021-09-23-at-09.15.04-edited-300x300.jpeg 300w, https:\/\/kaff-media.de\/wp-content\/uploads\/2022\/06\/WhatsApp-Image-2021-09-23-at-09.15.04-edited-1024x1024.jpeg 1024w, https:\/\/kaff-media.de\/wp-content\/uploads\/2022\/06\/WhatsApp-Image-2021-09-23-at-09.15.04-edited-150x150.jpeg 150w, https:\/\/kaff-media.de\/wp-content\/uploads\/2022\/06\/WhatsApp-Image-2021-09-23-at-09.15.04-edited-768x769.jpeg 768w\" sizes=\"auto, (max-width: 1066px) 100vw, 1066px\" \/><\/figure>\n<\/div>\n\n\n\n<div class=\"wp-block-column is-layout-flow wp-block-column-is-layout-flow\" style=\"flex-basis:66.66%\">\n<p class=\"has-large-font-size\" style=\"font-style:normal;font-weight:700\">Paul <font size=\"42pt\" color=\"#0b7c80\">K<\/font>\u00f6rber<\/p>\n\n\n\n<p>Gesch\u00e4ftsf\u00fchrer, Kamera- und Medientechnik, Fotografie<\/p>\n\n\n\n<p><a href=\"mailto:paul@kaff-media.de\">paul@kaff-media.de<\/a><\/p>\n<\/div>\n<\/div>\n\n\n\n<hr class=\"wp-block-separator has-css-opacity\"\/>\n\n\n\n<div class=\"wp-block-columns is-layout-flex wp-container-core-columns-is-layout-28f84493 wp-block-columns-is-layout-flex\">\n<div class=\"wp-block-column is-vertically-aligned-top is-layout-flow wp-block-column-is-layout-flow\" style=\"flex-basis:66.66%\">\n<p class=\"has-large-font-size\" style=\"font-style:normal;font-weight:700\">Leander <font size=\"42pt\" color=\"#0b7c80\">A<\/font>dam<\/p>\n\n\n\n<p>Gesch\u00e4ftsf\u00fchrer, Lichttechnik, Fotografie<\/p>\n\n\n\n<p><a href=\"mailto:leander@kaff-media.de\">leander@kaff-media.de<\/a><\/p>\n<\/div>\n\n\n\n<div class=\"wp-block-column is-vertically-aligned-center is-layout-flow wp-block-column-is-layout-flow\" style=\"flex-basis:33.33%\">\n<p><\/p>\n\n\n\n<figure class=\"wp-block-image size-large is-style-rounded wp-duotone-000000-0b7c80bd-2\"><img loading=\"lazy\" decoding=\"async\" width=\"1024\" height=\"1024\" src=\"http:\/\/kaff-media.de\/wp-content\/uploads\/2022\/06\/Leander-1024x1024.jpg\" alt=\"\" class=\"wp-image-466\" srcset=\"https:\/\/kaff-media.de\/wp-content\/uploads\/2022\/06\/Leander-1024x1024.jpg 1024w, https:\/\/kaff-media.de\/wp-content\/uploads\/2022\/06\/Leander-300x300.jpg 300w, https:\/\/kaff-media.de\/wp-content\/uploads\/2022\/06\/Leander-150x150.jpg 150w, https:\/\/kaff-media.de\/wp-content\/uploads\/2022\/06\/Leander-768x768.jpg 768w, https:\/\/kaff-media.de\/wp-content\/uploads\/2022\/06\/Leander-1536x1536.jpg 1536w, https:\/\/kaff-media.de\/wp-content\/uploads\/2022\/06\/Leander-2048x2048.jpg 2048w, https:\/\/kaff-media.de\/wp-content\/uploads\/2022\/06\/Leander.jpg 1920w\" sizes=\"auto, (max-width: 1024px) 100vw, 1024px\" \/><\/figure>\n<\/div>\n<\/div>\n\n\n\n<hr class=\"wp-block-separator has-css-opacity\"\/>\n\n\n\n<div class=\"wp-block-columns is-layout-flex wp-container-core-columns-is-layout-28f84493 wp-block-columns-is-layout-flex\">\n<div class=\"wp-block-column is-layout-flow wp-block-column-is-layout-flow\" style=\"flex-basis:33.33%\">\n<figure class=\"wp-block-image size-large is-style-rounded wp-duotone-000000-0b7c80db-3\"><img loading=\"lazy\" decoding=\"async\" width=\"1024\" height=\"994\" src=\"http:\/\/kaff-media.de\/wp-content\/uploads\/2022\/03\/Bewerbung2022-2-scaled-e1647772597358-1024x994.jpg\" alt=\"\" class=\"wp-image-159\" srcset=\"https:\/\/kaff-media.de\/wp-content\/uploads\/2022\/03\/Bewerbung2022-2-scaled-e1647772597358-1024x994.jpg 1024w, https:\/\/kaff-media.de\/wp-content\/uploads\/2022\/03\/Bewerbung2022-2-scaled-e1647772597358-300x291.jpg 300w, https:\/\/kaff-media.de\/wp-content\/uploads\/2022\/03\/Bewerbung2022-2-scaled-e1647772597358-768x745.jpg 768w, https:\/\/kaff-media.de\/wp-content\/uploads\/2022\/03\/Bewerbung2022-2-scaled-e1647772597358-1536x1490.jpg 1536w, https:\/\/kaff-media.de\/wp-content\/uploads\/2022\/03\/Bewerbung2022-2-scaled-e1647772597358.jpg 1721w\" sizes=\"auto, (max-width: 1024px) 100vw, 1024px\" \/><\/figure>\n<\/div>\n\n\n\n<div class=\"wp-block-column is-vertically-aligned-top is-layout-flow wp-block-column-is-layout-flow\" style=\"flex-basis:66.66%\">\n<p class=\"has-large-font-size\" style=\"font-style:normal;font-weight:700\">Sebastian <font size=\"42pt\" color=\"#0b7c80\">F<\/font>rankl<\/p>\n\n\n\n<p>Gesch\u00e4ftsf\u00fchrer, Audioaufnahme und Nachbearbeitung, Schnitt<\/p>\n\n\n\n<p><a href=\"mailto:sebastian@kaff-media.de\">sebastian@kaff-media.de<\/a><\/p>\n<\/div>\n<\/div>\n\n\n\n<div class=\"wp-block-columns is-layout-flex wp-container-core-columns-is-layout-28f84493 wp-block-columns-is-layout-flex\">\n<div class=\"wp-block-column is-vertically-aligned-top is-layout-flow wp-block-column-is-layout-flow\" style=\"flex-basis:66.66%\">\n<p><\/p>\n<\/div>\n\n\n\n<div class=\"wp-block-column is-vertically-aligned-center is-layout-flow wp-block-column-is-layout-flow\" style=\"flex-basis:33.33%\">\n<p><\/p>\n<\/div>\n<\/div>\n","protected":false},"excerpt":{"rendered":"<p>Wir sind allesamt ehemalige Mitglieder der Technik AG des St.-Michaels-Gymnasiums Metten. Dort genossen wir die unglaublich gro\u00dfartige M\u00f6glichkeit mit einer gro\u00dfen Bandbreite an technischem Equipment zahlreiche Veranstaltungen auf diversen gr\u00f6\u00dferen und kleineren Spielfl\u00e4chen zu begleiten. Bald erstreckten sich diese T\u00e4tigkeiten weit \u00fcber den schulischen Bereich hinaus. Auch nach erfolgreichem Abitur [&hellip;]<\/p>\n","protected":false},"author":4,"featured_media":0,"parent":0,"menu_order":0,"comment_status":"closed","ping_status":"closed","template":"","meta":{"footnotes":""},"class_list":["post-78","page","type-page","status-publish","hentry"],"_links":{"self":[{"href":"https:\/\/kaff-media.de\/index.php?rest_route=\/wp\/v2\/pages\/78","targetHints":{"allow":["GET"]}}],"collection":[{"href":"https:\/\/kaff-media.de\/index.php?rest_route=\/wp\/v2\/pages"}],"about":[{"href":"https:\/\/kaff-media.de\/index.php?rest_route=\/wp\/v2\/types\/page"}],"author":[{"embeddable":true,"href":"https:\/\/kaff-media.de\/index.php?rest_route=\/wp\/v2\/users\/4"}],"replies":[{"embeddable":true,"href":"https:\/\/kaff-media.de\/index.php?rest_route=%2Fwp%2Fv2%2Fcomments&post=78"}],"version-history":[{"count":19,"href":"https:\/\/kaff-media.de\/index.php?rest_route=\/wp\/v2\/pages\/78\/revisions"}],"predecessor-version":[{"id":626,"href":"https:\/\/kaff-media.de\/index.php?rest_route=\/wp\/v2\/pages\/78\/revisions\/626"}],"wp:attachment":[{"href":"https:\/\/kaff-media.de\/index.php?rest_route=%2Fwp%2Fv2%2Fmedia&parent=78"}],"curies":[{"name":"wp","href":"https:\/\/api.w.org\/{rel}","templated":true}]}}